{"id":8881,"date":"2019-05-16T03:46:47","date_gmt":"2019-05-16T03:46:47","guid":{"rendered":"https:\/\/orangetree.villas\/a-propos-de-nous\/"},"modified":"2026-04-04T11:20:09","modified_gmt":"2026-04-04T11:20:09","slug":"a-propos-de-nous","status":"publish","type":"page","link":"https:\/\/orangetree.villas\/fr\/a-propos-de-nous\/","title":{"rendered":"Contact"},"content":{"rendered":"\t\t<div data-elementor-type=\"wp-post\" data-elementor-id=\"8881\" class=\"elementor elementor-8881 elementor-303\" data-elementor-post-type=\"page\">\n\t\t\t\t\t\t<section class=\"elementor-section elementor-top-section elementor-element elementor-element-6487c21 elementor-section-stretched elementor-section-boxed elementor-section-height-default elementor-section-height-default\" data-id=\"6487c21\" data-element_type=\"section\" data-e-type=\"section\" data-settings=\"{&quot;stretch_section&quot;:&quot;section-stretched&quot;}\">\n\t\t\t\t\t\t<div class=\"elementor-container elementor-column-gap-extended\">\n\t\t\t\t\t<div class=\"elementor-column elementor-col-50 elementor-top-column elementor-element elementor-element-058ebfe\" data-id=\"058ebfe\" data-element_type=\"column\" data-e-type=\"column\">\n\t\t\t<div class=\"elementor-widget-wrap elementor-element-populated\">\n\t\t\t\t\t\t<div class=\"elementor-element elementor-element-03d72a8 elementor-widget elementor-widget-heading\" data-id=\"03d72a8\" data-element_type=\"widget\" data-e-type=\"widget\" data-widget_type=\"heading.default\">\n\t\t\t\t<div class=\"elementor-widget-container\">\n\t\t\t\t\t<h1 class=\"elementor-heading-title elementor-size-default\">Notre histoire d'amour avec Vinisce : <br>Une histoire de famille<\/h1>\t\t\t\t<\/div>\n\t\t\t\t<\/div>\n\t\t\t\t<div class=\"elementor-element elementor-element-9047803 elementor-widget elementor-widget-heading\" data-id=\"9047803\" data-element_type=\"widget\" data-e-type=\"widget\" data-widget_type=\"heading.default\">\n\t\t\t\t<div class=\"elementor-widget-container\">\n\t\t\t\t\t<p class=\"elementor-heading-title elementor-size-default\">En 2022, un r\u00eave d'enfant est devenu r\u00e9alit\u00e9. Dans le charmant village de Vinisce, nich\u00e9 sur la c\u00f4te croate, nous avons d\u00e9couvert ce qui allait devenir notre coin de paradis : une maison avec une vue imprenable sur la mer Adriatique. D\u00e8s le premier coup d'\u0153il, nous avons su que c'\u00e9tait \"la bonne\", celle qui ferait battre nos c\u0153urs.  <\/p><p>Malheureusement, nous ne pouvons pas rester ici aussi souvent que nous le voudrions. C'est pourquoi nous avons d\u00e9cid\u00e9 d'ouvrir nos portes et de partager avec vous ce petit coin de bonheur. Nous voulons que chaque personne qui franchit le seuil de notre maison ressente l'amour et la chaleur que nous y avons mis.  <\/p><br><p>Ici, vous n'\u00eates pas de simples vacanciers, vous faites partie de notre histoire. Nous sommes fiers de vous accueillir comme des membres de notre famille, de vous choyer et de cr\u00e9er des moments inoubliables dans ce petit paradis croate. <\/p>Dans notre villa de Vinisce, chaque d\u00e9tail a \u00e9t\u00e9 pens\u00e9 avec amour pour cr\u00e9er des souvenirs inoubliables. La vue sur la mer qui vous accueille chaque matin, les couchers de soleil magiques depuis la terrasse, l'atmosph\u00e8re paisible du village... tout est r\u00e9uni pour des vacances de r\u00eave.   <br><br>  Nous parlons <b>fran\u00e7ais, anglais, russe, hongrois, allemand et n\u00e9erlandais<\/b>.<\/p>\t\t\t\t<\/div>\n\t\t\t\t<\/div>\n\t\t\t\t<div class=\"elementor-element elementor-element-638c17c elementor-widget elementor-widget-text-editor\" data-id=\"638c17c\" data-element_type=\"widget\" data-e-type=\"widget\" data-widget_type=\"text-editor.default\">\n\t\t\t\t<div class=\"elementor-widget-container\">\n\t\t\t\t\t\t\t\t\t<div class=\"apus-list-contact\"><ul class=\"apus-list-contact-address list-unstyled\"><li><strong>Adresse :<\/strong><\/li><li><span class=\"wp-block-getwid-advanced-heading__content has-text-color has-arsenic-color\">Put Ba\u0161ini 21<br \/>21226, Vini\u0161\u0107e<br \/>Croatie<\/span><\/li><\/ul><ul class=\"apus-list-contact-address list-unstyled\"><li><strong>Contact :<\/strong><\/li><li><span class=\"wp-block-getwid-advanced-heading__content has-text-color has-arsenic-color\"><a href=\"tel:19544566789\"><img decoding=\"async\" class=\"alignnone wp-image-8384 lazyload\" data-src=\"https:\/\/staging.orangetree.villas\/wp-content\/uploads\/2024\/10\/Unknown.png\" alt=\"\" width=\"25\" height=\"23\" src=\"data:image\/svg+xml;base64,PHN2ZyB3aWR0aD0iMSIgaGVpZ2h0PSIxIiB4bWxucz0iaHR0cDovL3d3dy53My5vcmcvMjAwMC9zdmciPjwvc3ZnPg==\" style=\"--smush-placeholder-width: 25px; --smush-placeholder-aspect-ratio: 25\/23;\" \/><\/a><a href=\"tel:+385 91 5414 112\">+385 91 5414 112<\/a><\/span><\/li><\/ul><\/div>\t\t\t\t\t\t\t\t<\/div>\n\t\t\t\t<\/div>\n\t\t\t\t\t<\/div>\n\t\t<\/div>\n\t\t\t\t<div class=\"elementor-column elementor-col-50 elementor-top-column elementor-element elementor-element-d5dfb02\" data-id=\"d5dfb02\" data-element_type=\"column\" data-e-type=\"column\">\n\t\t\t<div class=\"elementor-widget-wrap elementor-element-populated\">\n\t\t\t\t\t\t<div class=\"elementor-element elementor-element-9e9d82f elementor-widget elementor-widget-apus_element_team\" data-id=\"9e9d82f\" data-element_type=\"widget\" data-e-type=\"widget\" data-widget_type=\"apus_element_team.default\">\n\t\t\t\t<div class=\"elementor-widget-container\">\n\t\t\t\t\t        <div class=\"widget-team  horizontal\">\n\n                                    <div class=\"team-image\">\n                        <div class=\"image-wrapper\"><img decoding=\"async\" width=\"2560\" height=\"1920\" data-src=\"https:\/\/orangetree.villas\/wp-content\/uploads\/2024\/10\/IMG_0278-scaled.jpeg\" class=\"attachment-full size-full lazyload\" alt=\"Orange Tree Villa, Dalmatia\" data-srcset=\"https:\/\/orangetree.villas\/wp-content\/uploads\/2024\/10\/IMG_0278-scaled.jpeg 2560w, https:\/\/orangetree.villas\/wp-content\/uploads\/2024\/10\/IMG_0278-300x225.jpeg 300w, https:\/\/orangetree.villas\/wp-content\/uploads\/2024\/10\/IMG_0278-1024x768.jpeg 1024w, https:\/\/orangetree.villas\/wp-content\/uploads\/2024\/10\/IMG_0278-768x576.jpeg 768w, https:\/\/orangetree.villas\/wp-content\/uploads\/2024\/10\/IMG_0278-1536x1152.jpeg 1536w, https:\/\/orangetree.villas\/wp-content\/uploads\/2024\/10\/IMG_0278-2048x1536.jpeg 2048w\" data-sizes=\"(max-width: 2560px) 100vw, 2560px\" src=\"data:image\/svg+xml;base64,PHN2ZyB3aWR0aD0iMSIgaGVpZ2h0PSIxIiB4bWxucz0iaHR0cDovL3d3dy53My5vcmcvMjAwMC9zdmciPjwvc3ZnPg==\" style=\"--smush-placeholder-width: 2560px; --smush-placeholder-aspect-ratio: 2560\/1920;\" \/><\/div>                    <\/div>\n                                <div class=\"content\">\n                                            <h3 class=\"name-team\">\n                            Emmanuel Nudel                        <\/h3>\n                    \n                                            <div class=\"email\">                            \n                            <a href=\"mailto:e@nudel.be\" target=\"_top\">e@nudel.be<\/a>\n                        <\/div>\n                    \n                                            <div class=\"phone\">                            \n                            <a href=\"tel:+385 91 5414 112\">+385 91 5414 112<\/a>\n                        <\/div>\n                                    <\/div>\n        <\/div>\n        \t\t\t\t<\/div>\n\t\t\t\t<\/div>\n\t\t\t\t\t<\/div>\n\t\t<\/div>\n\t\t\t\t\t<\/div>\n\t\t<\/section>\n\t\t\t\t<section class=\"elementor-section elementor-top-section elementor-element elementor-element-f67917f elementor-section-stretched elementor-section-full_width elementor-section-height-default elementor-section-height-default\" data-id=\"f67917f\" data-element_type=\"section\" data-e-type=\"section\" data-settings=\"{&quot;stretch_section&quot;:&quot;section-stretched&quot;,&quot;background_background&quot;:&quot;classic&quot;}\">\n\t\t\t\t\t\t<div class=\"elementor-container elementor-column-gap-extended\">\n\t\t\t\t\t<div class=\"elementor-column elementor-col-50 elementor-top-column elementor-element elementor-element-7ccb06b\" data-id=\"7ccb06b\" data-element_type=\"column\" data-e-type=\"column\">\n\t\t\t<div class=\"elementor-widget-wrap elementor-element-populated\">\n\t\t\t\t\t\t<div class=\"elementor-element elementor-element-98b0262 elementor-widget elementor-widget-google_maps\" data-id=\"98b0262\" data-element_type=\"widget\" data-e-type=\"widget\" data-widget_type=\"google_maps.default\">\n\t\t\t\t<div class=\"elementor-widget-container\">\n\t\t\t\t\t\t\t<div class=\"elementor-custom-embed\">\n\t\t\t<iframe\n\t\t\t\t\tdata-src=\"https:\/\/www.google.com\/maps\/embed\/v1\/place?key=AIzaSyALY1QRbIv13V1Vcb7k93i1YhHVsibr64Q&#038;q=Vinisce%20croatia&#038;zoom=11\"\n\t\t\t\t\ttitle=\"Vinisce croatia\"\n\t\t\t\t\taria-label=\"Vinisce croatia\"\n\t\t\t src=\"data:image\/svg+xml;base64,PHN2ZyB3aWR0aD0iMSIgaGVpZ2h0PSIxIiB4bWxucz0iaHR0cDovL3d3dy53My5vcmcvMjAwMC9zdmciPjwvc3ZnPg==\" class=\"lazyload\" data-load-mode=\"1\"><\/iframe>\n\t\t<\/div>\n\t\t\t\t\t\t<\/div>\n\t\t\t\t<\/div>\n\t\t\t\t\t<\/div>\n\t\t<\/div>\n\t\t\t\t<div class=\"elementor-column elementor-col-50 elementor-top-column elementor-element elementor-element-cfcc4a2 apus-map-form\" data-id=\"cfcc4a2\" data-element_type=\"column\" data-e-type=\"column\">\n\t\t\t<div class=\"elementor-widget-wrap elementor-element-populated\">\n\t\t\t\t\t\t<div class=\"elementor-element elementor-element-3242e41 elementor-widget elementor-widget-heading\" data-id=\"3242e41\" data-element_type=\"widget\" data-e-type=\"widget\" data-widget_type=\"heading.default\">\n\t\t\t\t<div class=\"elementor-widget-container\">\n\t\t\t\t\t<h2 class=\"elementor-heading-title elementor-size-default\">Prenez contact<\/h2>\t\t\t\t<\/div>\n\t\t\t\t<\/div>\n\t\t\t\t<div class=\"elementor-element elementor-element-27497d9 elementor-widget elementor-widget-heading\" data-id=\"27497d9\" data-element_type=\"widget\" data-e-type=\"widget\" data-widget_type=\"heading.default\">\n\t\t\t\t<div class=\"elementor-widget-container\">\n\t\t\t\t\t<p class=\"elementor-heading-title elementor-size-default\">N'h\u00e9sitez pas \u00e0 poser toutes les questions qui vous viennent \u00e0 l'esprit, nous sommes l\u00e0 pour vous aider.<\/p>\t\t\t\t<\/div>\n\t\t\t\t<\/div>\n\t\t\t\t<div class=\"elementor-element elementor-element-580da33 elementor-widget elementor-widget-text-editor\" data-id=\"580da33\" data-element_type=\"widget\" data-e-type=\"widget\" data-widget_type=\"text-editor.default\">\n\t\t\t\t<div class=\"elementor-widget-container\">\n\t\t\t\t\t\t\t\t\t\n<div class=\"wpcf7 no-js\" id=\"wpcf7-f8903-o1\" lang=\"fr-FR\" dir=\"ltr\" data-wpcf7-id=\"8903\">\n<div class=\"screen-reader-response\"><p role=\"status\" aria-live=\"polite\" aria-atomic=\"true\"><\/p> <ul><\/ul><\/div>\n<form action=\"\/fr\/wp-json\/wp\/v2\/pages\/8881#wpcf7-f8903-o1\" method=\"post\" class=\"wpcf7-form init\" aria-label=\"Formulaire de contact\" novalidate=\"novalidate\" data-status=\"init\">\n<fieldset class=\"hidden-fields-container\"><input type=\"hidden\" name=\"_wpcf7\" value=\"8903\" \/><input type=\"hidden\" name=\"_wpcf7_version\" value=\"6.1.5\" \/><input type=\"hidden\" name=\"_wpcf7_locale\" value=\"fr_FR\" \/><input type=\"hidden\" name=\"_wpcf7_unit_tag\" value=\"wpcf7-f8903-o1\" \/><input type=\"hidden\" name=\"_wpcf7_container_post\" value=\"0\" \/><input type=\"hidden\" name=\"_wpcf7_posted_data_hash\" value=\"\" \/><input type=\"hidden\" name=\"_wpcf7_recaptcha_response\" value=\"\" \/>\n<\/fieldset>\n<div class=\"pcf7-form-contact page-form-contact row\">\n\t<div class=\"col-md-6 col-sm-12 col-xs-12\">\n\t\t<p><span class=\"wpcf7-form-control-wrap\" data-name=\"your-name\"><input size=\"40\" maxlength=\"400\" class=\"wpcf7-form-control wpcf7-text wpcf7-validates-as-required form-control\" id=\"your-name\" aria-required=\"true\" aria-invalid=\"false\" placeholder=\"Nom\" value=\"\" type=\"text\" name=\"your-name\" \/><\/span>\n\t\t<\/p>\n\t<\/div>\n\t<div class=\"col-md-6 col-sm-12 col-xs-12\">\n\t\t<p><span class=\"wpcf7-form-control-wrap\" data-name=\"your-email\"><input size=\"40\" maxlength=\"400\" class=\"wpcf7-form-control wpcf7-email wpcf7-validates-as-required wpcf7-text wpcf7-validates-as-email form-control\" id=\"your-email\" aria-required=\"true\" aria-invalid=\"false\" placeholder=\"Courriel\" value=\"\" type=\"email\" name=\"your-email\" \/><\/span>\n\t\t<\/p>\n\t<\/div>\n\t<div class=\"col-md-6 col-sm-12 col-xs-12\">\n\t\t<p><span class=\"wpcf7-form-control-wrap\" data-name=\"text-17\"><input size=\"40\" maxlength=\"400\" class=\"wpcf7-form-control wpcf7-text form-control\" id=\"your-phone\" aria-invalid=\"false\" placeholder=\"T\u00e9l\u00e9phone\" value=\"\" type=\"text\" name=\"text-17\" \/><\/span>\n\t\t<\/p>\n\t<\/div>\n\t<div class=\"col-md-6 col-sm-12 col-xs-12\">\n\t\t<p><span class=\"wpcf7-form-control-wrap\" data-name=\"your-subject\"><input size=\"40\" maxlength=\"400\" class=\"wpcf7-form-control wpcf7-text form-control\" id=\"your-subject\" aria-invalid=\"false\" placeholder=\"Sujet\" value=\"\" type=\"text\" name=\"your-subject\" \/><\/span>\n\t\t<\/p>\n\t<\/div>\n\t<div class=\"col-md-12 col-sm-12 col-xs-12\">\n\t\t<p><span class=\"wpcf7-form-control-wrap\" data-name=\"your-message\"><textarea cols=\"40\" rows=\"10\" maxlength=\"2000\" class=\"wpcf7-form-control wpcf7-textarea form-control\" id=\"your-message\" aria-invalid=\"false\" placeholder=\"Votre message\" name=\"your-message\"><\/textarea><\/span>\n\t\t<\/p>\n\t<\/div>\n\t<div class=\"col-md-12 col-sm-12 col-xs-12\">\n\t<span class=\"wpcf7-form-control-wrap recaptcha\" data-name=\"recaptcha\"><span data-sitekey=\"6Lf_HQwoAAAAAEYBft2dVTvBNp5F7DcwJ4Uzjwum\" class=\"wpcf7-form-control wpcf7-recaptcha g-recaptcha\"><\/span>\r\n<noscript>\r\n\t<div class=\"grecaptcha-noscript\">\r\n\t\t<iframe src=\"https:\/\/www.google.com\/recaptcha\/api\/fallback?k=6Lf_HQwoAAAAAEYBft2dVTvBNp5F7DcwJ4Uzjwum\" frameborder=\"0\" scrolling=\"no\" width=\"310\" height=\"430\">\r\n\t\t<\/iframe>\r\n\t\t<textarea name=\"g-recaptcha-response\" rows=\"3\" cols=\"40\" placeholder=\"reCaptcha Response Here\">\r\n\t\t<\/textarea>\r\n\t<\/div>\r\n<\/noscript>\r\n<\/span>\n\t\t<p><input class=\"wpcf7-form-control wpcf7-submit has-spinner btn btn-outline\" type=\"submit\" value=\"Soumettre un message\" \/>\n\t\t<\/p>\n\t<\/div>\n<\/div><div class=\"wpcf7-response-output\" aria-hidden=\"true\"><\/div>\n<\/form>\n<\/div>\n\n\t\t\t\t\t\t\t\t<\/div>\n\t\t\t\t<\/div>\n\t\t\t\t\t<\/div>\n\t\t<\/div>\n\t\t\t\t\t<\/div>\n\t\t<\/section>\n\t\t\t\t<\/div>\n\t\t","protected":false},"excerpt":{"rendered":"<p>Notre histoire d&rsquo;amour avec Vinisce : Une histoire de famille En 2022, un r\u00eave d&rsquo;enfant est devenu r\u00e9alit\u00e9. Dans le charmant village de Vinisce, nich\u00e9 sur la c\u00f4te croate, nous avons d\u00e9couvert ce qui allait devenir notre coin de paradis : une maison avec une vue imprenable sur la mer Adriatique. D\u00e8s le premier coup &hellip; <br \/><a href=\"https:\/\/orangetree.villas\/fr\/a-propos-de-nous\/\" class=\"more-link\">Continue reading <span class=\"screen-reader-text\">Contact<\/span><\/a><\/p>\n","protected":false},"author":1,"featured_media":0,"parent":0,"menu_order":0,"comment_status":"closed","ping_status":"closed","template":"","meta":{"_acf_changed":false,"footnotes":""},"class_list":["post-8881","page","type-page","status-publish","hentry"],"acf":[],"yoast_head":"<!-- This site is optimized with the Yoast SEO Premium plugin v24.8 (Yoast SEO v27.4) - https:\/\/yoast.com\/product\/yoast-seo-premium-wordpress\/ -->\n<title>\u00c0 Propos | Orange Tree Villa Vinisce<\/title>\n<meta name=\"description\" content=\"D\u00e9couvrez notre villa familiale \u00e0 Vinisce, en Croatie : une histoire d&#039;amour devenue r\u00e9alit\u00e9 en 2022. Une vue exceptionnelle sur la mer, un accueil chaleureux et un s\u00e9jour inoubliable vous attendent dans notre paradis sur l&#039;Adriatique.\" \/>\n<meta name=\"robots\" content=\"index, follow, max-snippet:-1, max-image-preview:large, max-video-preview:-1\" \/>\n<link rel=\"canonical\" href=\"https:\/\/orangetree.villas\/fr\/a-propos-de-nous\/\" \/>\n<meta property=\"og:locale\" content=\"fr_FR\" \/>\n<meta property=\"og:type\" content=\"article\" \/>\n<meta property=\"og:title\" content=\"Contact\" \/>\n<meta property=\"og:description\" content=\"D\u00e9couvrez notre villa familiale \u00e0 Vinisce, en Croatie : une histoire d&#039;amour devenue r\u00e9alit\u00e9 en 2022. Une vue exceptionnelle sur la mer, un accueil chaleureux et un s\u00e9jour inoubliable vous attendent dans notre paradis sur l&#039;Adriatique.\" \/>\n<meta property=\"og:url\" content=\"https:\/\/orangetree.villas\/fr\/a-propos-de-nous\/\" \/>\n<meta property=\"og:site_name\" content=\"Orange Tree Villa\" \/>\n<meta property=\"article:modified_time\" content=\"2026-04-04T11:20:09+00:00\" \/>\n<meta property=\"og:image\" content=\"https:\/\/orangetree.villas\/wp-content\/uploads\/2024\/10\/Unknown.png\" \/>\n\t<meta property=\"og:image:width\" content=\"161\" \/>\n\t<meta property=\"og:image:height\" content=\"148\" \/>\n\t<meta property=\"og:image:type\" content=\"image\/png\" \/>\n<meta name=\"twitter:card\" content=\"summary_large_image\" \/>\n<meta name=\"twitter:label1\" content=\"Dur\u00e9e de lecture estim\u00e9e\" \/>\n\t<meta name=\"twitter:data1\" content=\"2 minutes\" \/>\n<script type=\"application\/ld+json\" class=\"yoast-schema-graph\">{\"@context\":\"https:\\\/\\\/schema.org\",\"@graph\":[{\"@type\":\"WebPage\",\"@id\":\"https:\\\/\\\/orangetree.villas\\\/fr\\\/a-propos-de-nous\\\/\",\"url\":\"https:\\\/\\\/orangetree.villas\\\/fr\\\/a-propos-de-nous\\\/\",\"name\":\"\u00c0 Propos | Orange Tree Villa Vinisce\",\"isPartOf\":{\"@id\":\"https:\\\/\\\/orangetree.villas\\\/fr\\\/#website\"},\"primaryImageOfPage\":{\"@id\":\"https:\\\/\\\/orangetree.villas\\\/fr\\\/a-propos-de-nous\\\/#primaryimage\"},\"image\":{\"@id\":\"https:\\\/\\\/orangetree.villas\\\/fr\\\/a-propos-de-nous\\\/#primaryimage\"},\"thumbnailUrl\":\"https:\\\/\\\/staging.orangetree.villas\\\/wp-content\\\/uploads\\\/2024\\\/10\\\/Unknown.png\",\"datePublished\":\"2019-05-16T03:46:47+00:00\",\"dateModified\":\"2026-04-04T11:20:09+00:00\",\"description\":\"D\u00e9couvrez notre villa familiale \u00e0 Vinisce, en Croatie : une histoire d'amour devenue r\u00e9alit\u00e9 en 2022. Une vue exceptionnelle sur la mer, un accueil chaleureux et un s\u00e9jour inoubliable vous attendent dans notre paradis sur l'Adriatique.\",\"breadcrumb\":{\"@id\":\"https:\\\/\\\/orangetree.villas\\\/fr\\\/a-propos-de-nous\\\/#breadcrumb\"},\"inLanguage\":\"fr-FR\",\"potentialAction\":[{\"@type\":\"ReadAction\",\"target\":[\"https:\\\/\\\/orangetree.villas\\\/fr\\\/a-propos-de-nous\\\/\"]}]},{\"@type\":\"ImageObject\",\"inLanguage\":\"fr-FR\",\"@id\":\"https:\\\/\\\/orangetree.villas\\\/fr\\\/a-propos-de-nous\\\/#primaryimage\",\"url\":\"https:\\\/\\\/staging.orangetree.villas\\\/wp-content\\\/uploads\\\/2024\\\/10\\\/Unknown.png\",\"contentUrl\":\"https:\\\/\\\/staging.orangetree.villas\\\/wp-content\\\/uploads\\\/2024\\\/10\\\/Unknown.png\"},{\"@type\":\"BreadcrumbList\",\"@id\":\"https:\\\/\\\/orangetree.villas\\\/fr\\\/a-propos-de-nous\\\/#breadcrumb\",\"itemListElement\":[{\"@type\":\"ListItem\",\"position\":1,\"name\":\"Accueil\",\"item\":\"https:\\\/\\\/orangetree.villas\\\/fr\\\/accueil\\\/\"},{\"@type\":\"ListItem\",\"position\":2,\"name\":\"Contact\"}]},{\"@type\":\"WebSite\",\"@id\":\"https:\\\/\\\/orangetree.villas\\\/fr\\\/#website\",\"url\":\"https:\\\/\\\/orangetree.villas\\\/fr\\\/\",\"name\":\"Orange Tree Villa\",\"description\":\"Villa with a view in Vinisce Croatia\",\"publisher\":{\"@id\":\"https:\\\/\\\/orangetree.villas\\\/fr\\\/#\\\/schema\\\/person\\\/b110fbb23da2e64381d2ad726fdf8e41\"},\"potentialAction\":[],\"inLanguage\":\"fr-FR\"},{\"@type\":[\"Person\",\"Organization\"],\"@id\":\"https:\\\/\\\/orangetree.villas\\\/fr\\\/#\\\/schema\\\/person\\\/b110fbb23da2e64381d2ad726fdf8e41\",\"name\":\"Emmanuel Nudel\",\"image\":{\"@type\":\"ImageObject\",\"inLanguage\":\"fr-FR\",\"@id\":\"https:\\\/\\\/orangetree.villas\\\/wp-content\\\/uploads\\\/2024\\\/02\\\/Orange-tree-Black-Logo.svg\",\"url\":\"https:\\\/\\\/orangetree.villas\\\/wp-content\\\/uploads\\\/2024\\\/02\\\/Orange-tree-Black-Logo.svg\",\"contentUrl\":\"https:\\\/\\\/orangetree.villas\\\/wp-content\\\/uploads\\\/2024\\\/02\\\/Orange-tree-Black-Logo.svg\",\"width\":2400,\"height\":1800,\"caption\":\"Emmanuel Nudel\"},\"logo\":{\"@id\":\"https:\\\/\\\/orangetree.villas\\\/wp-content\\\/uploads\\\/2024\\\/02\\\/Orange-tree-Black-Logo.svg\"}}]}<\/script>\n<!-- \/ Yoast SEO Premium plugin. -->","yoast_head_json":{"title":"\u00c0 Propos | Orange Tree Villa Vinisce","description":"D\u00e9couvrez notre villa familiale \u00e0 Vinisce, en Croatie : une histoire d'amour devenue r\u00e9alit\u00e9 en 2022. Une vue exceptionnelle sur la mer, un accueil chaleureux et un s\u00e9jour inoubliable vous attendent dans notre paradis sur l'Adriatique.","robots":{"index":"index","follow":"follow","max-snippet":"max-snippet:-1","max-image-preview":"max-image-preview:large","max-video-preview":"max-video-preview:-1"},"canonical":"https:\/\/orangetree.villas\/fr\/a-propos-de-nous\/","og_locale":"fr_FR","og_type":"article","og_title":"Contact","og_description":"D\u00e9couvrez notre villa familiale \u00e0 Vinisce, en Croatie : une histoire d'amour devenue r\u00e9alit\u00e9 en 2022. Une vue exceptionnelle sur la mer, un accueil chaleureux et un s\u00e9jour inoubliable vous attendent dans notre paradis sur l'Adriatique.","og_url":"https:\/\/orangetree.villas\/fr\/a-propos-de-nous\/","og_site_name":"Orange Tree Villa","article_modified_time":"2026-04-04T11:20:09+00:00","og_image":[{"width":161,"height":148,"url":"https:\/\/orangetree.villas\/wp-content\/uploads\/2024\/10\/Unknown.png","type":"image\/png"}],"twitter_card":"summary_large_image","twitter_misc":{"Dur\u00e9e de lecture estim\u00e9e":"2 minutes"},"schema":{"@context":"https:\/\/schema.org","@graph":[{"@type":"WebPage","@id":"https:\/\/orangetree.villas\/fr\/a-propos-de-nous\/","url":"https:\/\/orangetree.villas\/fr\/a-propos-de-nous\/","name":"\u00c0 Propos | Orange Tree Villa Vinisce","isPartOf":{"@id":"https:\/\/orangetree.villas\/fr\/#website"},"primaryImageOfPage":{"@id":"https:\/\/orangetree.villas\/fr\/a-propos-de-nous\/#primaryimage"},"image":{"@id":"https:\/\/orangetree.villas\/fr\/a-propos-de-nous\/#primaryimage"},"thumbnailUrl":"https:\/\/staging.orangetree.villas\/wp-content\/uploads\/2024\/10\/Unknown.png","datePublished":"2019-05-16T03:46:47+00:00","dateModified":"2026-04-04T11:20:09+00:00","description":"D\u00e9couvrez notre villa familiale \u00e0 Vinisce, en Croatie : une histoire d'amour devenue r\u00e9alit\u00e9 en 2022. Une vue exceptionnelle sur la mer, un accueil chaleureux et un s\u00e9jour inoubliable vous attendent dans notre paradis sur l'Adriatique.","breadcrumb":{"@id":"https:\/\/orangetree.villas\/fr\/a-propos-de-nous\/#breadcrumb"},"inLanguage":"fr-FR","potentialAction":[{"@type":"ReadAction","target":["https:\/\/orangetree.villas\/fr\/a-propos-de-nous\/"]}]},{"@type":"ImageObject","inLanguage":"fr-FR","@id":"https:\/\/orangetree.villas\/fr\/a-propos-de-nous\/#primaryimage","url":"https:\/\/staging.orangetree.villas\/wp-content\/uploads\/2024\/10\/Unknown.png","contentUrl":"https:\/\/staging.orangetree.villas\/wp-content\/uploads\/2024\/10\/Unknown.png"},{"@type":"BreadcrumbList","@id":"https:\/\/orangetree.villas\/fr\/a-propos-de-nous\/#breadcrumb","itemListElement":[{"@type":"ListItem","position":1,"name":"Accueil","item":"https:\/\/orangetree.villas\/fr\/accueil\/"},{"@type":"ListItem","position":2,"name":"Contact"}]},{"@type":"WebSite","@id":"https:\/\/orangetree.villas\/fr\/#website","url":"https:\/\/orangetree.villas\/fr\/","name":"Orange Tree Villa","description":"Villa with a view in Vinisce Croatia","publisher":{"@id":"https:\/\/orangetree.villas\/fr\/#\/schema\/person\/b110fbb23da2e64381d2ad726fdf8e41"},"potentialAction":[],"inLanguage":"fr-FR"},{"@type":["Person","Organization"],"@id":"https:\/\/orangetree.villas\/fr\/#\/schema\/person\/b110fbb23da2e64381d2ad726fdf8e41","name":"Emmanuel Nudel","image":{"@type":"ImageObject","inLanguage":"fr-FR","@id":"https:\/\/orangetree.villas\/wp-content\/uploads\/2024\/02\/Orange-tree-Black-Logo.svg","url":"https:\/\/orangetree.villas\/wp-content\/uploads\/2024\/02\/Orange-tree-Black-Logo.svg","contentUrl":"https:\/\/orangetree.villas\/wp-content\/uploads\/2024\/02\/Orange-tree-Black-Logo.svg","width":2400,"height":1800,"caption":"Emmanuel Nudel"},"logo":{"@id":"https:\/\/orangetree.villas\/wp-content\/uploads\/2024\/02\/Orange-tree-Black-Logo.svg"}}]}},"_links":{"self":[{"href":"https:\/\/orangetree.villas\/fr\/wp-json\/wp\/v2\/pages\/8881","targetHints":{"allow":["GET"]}}],"collection":[{"href":"https:\/\/orangetree.villas\/fr\/wp-json\/wp\/v2\/pages"}],"about":[{"href":"https:\/\/orangetree.villas\/fr\/wp-json\/wp\/v2\/types\/page"}],"author":[{"embeddable":true,"href":"https:\/\/orangetree.villas\/fr\/wp-json\/wp\/v2\/users\/1"}],"replies":[{"embeddable":true,"href":"https:\/\/orangetree.villas\/fr\/wp-json\/wp\/v2\/comments?post=8881"}],"version-history":[{"count":6,"href":"https:\/\/orangetree.villas\/fr\/wp-json\/wp\/v2\/pages\/8881\/revisions"}],"predecessor-version":[{"id":11281,"href":"https:\/\/orangetree.villas\/fr\/wp-json\/wp\/v2\/pages\/8881\/revisions\/11281"}],"wp:attachment":[{"href":"https:\/\/orangetree.villas\/fr\/wp-json\/wp\/v2\/media?parent=8881"}],"curies":[{"name":"wp","href":"https:\/\/api.w.org\/{rel}","templated":true}]}}